{"id":30768,"date":"2026-03-04T16:58:11","date_gmt":"2026-03-04T16:58:11","guid":{"rendered":"https:\/\/airtechsprings.com\/index.php\/urun\/w01-358-6951\/"},"modified":"2026-03-04T16:58:11","modified_gmt":"2026-03-04T16:58:11","slug":"w01-358-6951","status":"publish","type":"product","link":"https:\/\/airtechsprings.com\/index.php\/urun\/w01-358-6951\/","title":{"rendered":"W01-358-6951"},"content":{"rendered":"\n<figure class=\"wp-block-gallery has-nested-images columns-default is-cropped wp-block-gallery-1 is-layout-flex wp-block-gallery-is-layout-flex\">\n<figure class=\"wp-block-image size-large\"><img loading=\"lazy\" decoding=\"async\" width=\"250\" height=\"250\" data-id=\"30767\" src=\"https:\/\/airtechsprings.com\/wp-content\/uploads\/2026\/03\/1772643491_122_kucuk.jpg\" alt=\"\" class=\"wp-image-30767\"\/><\/figure>\n\t\t\t\t\t\n<figure class=\"wp-block-image size-large\"><img loading=\"lazy\" decoding=\"async\" width=\"130\" height=\"50\" data-id=\"28851\" src=\"https:\/\/airtechsprings.com\/wp-content\/uploads\/2026\/03\/turquality-kucuk-logo.jpg\" alt=\"\" class=\"wp-image-28851\"\/><\/figure>\n\t\t\t\t\t\n<figure class=\"wp-block-image size-large\"><img loading=\"lazy\" decoding=\"async\" width=\"45\" height=\"44\" data-id=\"28852\" src=\"https:\/\/airtechsprings.com\/wp-content\/uploads\/2026\/03\/teknik-ikon.png\" alt=\"\" class=\"wp-image-28852\"\/><\/figure>\n\t\t\t\t\t\n<figure class=\"wp-block-image size-large\"><img loading=\"lazy\" decoding=\"async\" width=\"45\" height=\"44\" data-id=\"28853\" src=\"https:\/\/airtechsprings.com\/wp-content\/uploads\/2026\/03\/konum-ikon.png\" alt=\"\" class=\"wp-image-28853\"\/><\/figure>\n\t\t\t\t\t\n<figure class=\"wp-block-image size-large\"><img loading=\"lazy\" decoding=\"async\" width=\"120\" height=\"80\" data-id=\"28854\" src=\"https:\/\/airtechsprings.com\/wp-content\/uploads\/2026\/03\/hizli-ikon.png\" alt=\"\" class=\"wp-image-28854\"\/><\/figure>\n\t\t\t\t\t<\/figure>\n\r\n<br>  <div class=\"px1260\">\n\t\t<div class=\"ic-sayfa-icerik-wrapper\">\n\t\t\t<div class=\"ic-sayfa-icerik-baslik\">\n\t\t\t\t\u00dcr\u00fcnler<\/div>\n\t\t\t<div class=\"ic-sayfa-icerik\">\n\t\n\t\t\t\t\n<style>\n.shop {width:100px;text-align:center;background-color:#ebebeb;padding:10px;}\n.shop span{display:block;font-size:18px;line-height:30px;}\n.shop a {color:#000;font-weight:600;}\n.shop a:hover {text-decoration:underline;}\n<\/style>\n\n\n\n<div style=\"margin-bottom:25px;\">\n\t<h1><strong>Katl\u0131<\/strong><br>\n\t\t<strong>Sipari\u015f No:<\/strong> 16900302 \/ A2 220\/30-K11\u00a0Katl\u0131\n\t<\/h1>\n<\/div>\n<div style=\"width:100%\">\n<div style=\"width:252px;float:left\">\n<div style=\"border:1px solid #cecece;\">\n\n<\/div>\n<div style=\"margin-top:25px;\">\n\n\n\u00dcr\u00fcn\u00fcn Teknik \u00c7izimini pdf olarak indirin.\n\n\n<br><\/div>\n<\/div>\n<div style=\"width:580px;float:right;\">\n\n\t<div style=\"width:275px;float:left\">\n\t\t<h1 style=\"text-align:center\"><strong>CROSS NUMARASI<\/strong><\/h1>\n\t\t<table style=\"width: 100%;font-family:dinbeklight;text-align: left;\"><tbody>\n\t\t\n\t\t\n\t\t\n\t\t\t<tr>\n\t\t\t\t<td style=\"padding:5px;border:1px solid #cecece;\">\n\t\t\t\tCONTITECH\n\t\t\t\t<\/td>\n\t\t\t\t\t\t\t\t<td style=\"padding:5px;border:1px solid #cecece;\">\nFD 200-25<\/td>\n\t\t\t<\/tr>\n\t\t\n\t\t\n\t\t\n\t\t\n\t\t\t<tr>\n\t\t\t\t<td style=\"padding:5px;border:1px solid #cecece;\">\n\t\t\t\tFIRESTONE\n\t\t\t\t<\/td>\n\t\t\t\t\t\t\t\t<td style=\"padding:5px;border:1px solid #cecece;\">\nW01-358-6951<\/td>\n\t\t\t<\/tr>\n\t\t\n\t\t\n\t\t<\/tbody><\/table>\n\t<\/div>\n\t\n\t<div style=\"width:275px;float:right\">\n\t\t<h1 style=\"text-align:center\"><strong>OEM NUMARASI<\/strong><\/h1>\n\t\t<table style=\"width: 100%;font-family:dinbeklight;text-align: left;\"><tbody>\n\t\t\n\t\t<\/tbody><\/table>\n\n\t<\/div>\n\t\n<\/div>\n\n<\/div>\n\t\n\t\t\t<\/div>\t\t\t\n\t\t<\/div>\n\t\t\n<div class=\"sag-teknik-wrapper\">\n\t\t<ul id=\"sag-teknik\">\n\t\t\t<li>\n\t\t\t\t<div class=\"sag-teknik-ic\" style=\"padding-top: 65px;\">\n\t\t\t\t\t\n\t\t\t\t\t\n\t\t\t\t<\/div>\n\t\t\t\t<div class=\"sag-teknik-ic2\" style=\"display:none; padding-top: 5px;\">\n\t\t\t\t\t<h4>\n\t\t\t\t\tTurquality<\/h4><br>Airtech, olumlu T\u00fcrk mal\u0131 imaj\u0131n\u0131n olu\u015fturulmas\u0131 ve yerle\u015ftirilmesi amac\u0131yla olu\u015fturulmu\u015f devlet destekli ilk ve tek markala\u015fma program\u0131 olan Turquality destek program\u0131na hak kazanan ilk otomotiv sekt\u00f6r\u00fc markas\u0131d\u0131r.<\/div>\n\t\t\t<\/li>\n\t\t\t<li>\n\t\t\t\t<div class=\"sag-teknik-ic\" style=\"padding-top: 50px;\">\n\t\t\t\t\t<br>Teknik Bilgiler ve Dok\u00fcmanlar<\/div>\n\t\t\t\t<div class=\"sag-teknik-ic2\" style=\"display:none\">\n\t\t\t\t<br><h4>\n\t\t\t\t\tTeknik Bilgiler ve Dok\u00fcmanlar<\/h4><br>End\u00fcstride g\u00fc\u00e7l\u00fc AR-GE yakla\u015f\u0131m\u0131n\u0131n \u00f6nemine inanarak konfor ve y\u00fck ta\u015f\u0131mada gerekli ve uygun \u00e7\u00f6z\u00fcmler sunuyoruz.<br>pdf olarak indir\n\t\t\t\t<\/div>\t\t\t\n\t\t\t<\/li>\n\t\t\t<li>\n\t\t\t\t<div class=\"sag-teknik-ic\" style=\"padding-top: 40px;\">\n\t\t\t\t\t<br>En iyi k\u00f6r\u00fck D\u00fcnya&#8217;n\u0131n her yerinde sizinle<\/div>\n\t\t\t\t<div class=\"sag-teknik-ic2\" style=\"display:none\">\n\t\t\t\t<br><h4>\n\t\t\t\t\tEn iyi k\u00f6r\u00fck D\u00fcnya&#8217;n\u0131n her yerinde sizinle<\/h4><br>Airtech, en geni\u015f \u00fcr\u00fcn gam\u0131yla, 100 &#8216;den fazla \u00fclkeye 1.000&#8217;den fazla sat\u0131\u015f noktas\u0131nda sunulmaktad\u0131r.\n\t\t\t\t<\/div>\t\t\t\n\t\t\t<\/li>\n\t\t\t<li>\n\t\t\t\t<div class=\"sag-teknik-ic\" style=\"padding-top: 30px;\">\n\t\t\t\t\t<br>H\u0131zl\u0131 Teslimat<\/div>\n\t\t\t\t<div class=\"sag-teknik-ic2\" style=\"display:none\">\n\t\t\t\t<br><h4>\n\t\t\t\t\tH\u0131zl\u0131 Teslimat<\/h4><br>En iyi kalitede hammadde ve malzeme ile \u00fcretilen \u00fcr\u00fcnlerimiz size en h\u0131zl\u0131 sevk edilmek \u00fczere haz\u0131rlanmaktad\u0131r.<\/div>\t\t\t\n\t\t\t<\/li>\n\n\n\t\t<\/ul>\n<\/div>\n\n\n\t<\/div>\r\n","protected":false},"excerpt":{"rendered":"<p>\u00dcr\u00fcnler Katl\u0131 Sipari\u015f No: 16900302 \/ A2 220\/30-K11\u00a0Katl\u0131 \u00dcr\u00fcn\u00fcn Teknik \u00c7izimini pdf olarak indirin. CROSS NUMARASI CONTITECH FD 200-25 FIRESTONE<\/p>\n","protected":false},"featured_media":30767,"template":"","meta":[],"product_cat":[15,237],"product_tag":[],"class_list":{"0":"post-30768","1":"product","2":"type-product","3":"status-publish","4":"has-post-thumbnail","6":"product_cat-genel","7":"product_cat-katli","9":"first","10":"instock","11":"shipping-taxable","12":"product-type-external"},"_links":{"self":[{"href":"https:\/\/airtechsprings.com\/index.php\/wp-json\/wp\/v2\/product\/30768","targetHints":{"allow":["GET"]}}],"collection":[{"href":"https:\/\/airtechsprings.com\/index.php\/wp-json\/wp\/v2\/product"}],"about":[{"href":"https:\/\/airtechsprings.com\/index.php\/wp-json\/wp\/v2\/types\/product"}],"version-history":[{"count":0,"href":"https:\/\/airtechsprings.com\/index.php\/wp-json\/wp\/v2\/product\/30768\/revisions"}],"wp:featuredmedia":[{"embeddable":true,"href":"https:\/\/airtechsprings.com\/index.php\/wp-json\/wp\/v2\/media\/30767"}],"wp:attachment":[{"href":"https:\/\/airtechsprings.com\/index.php\/wp-json\/wp\/v2\/media?parent=30768"}],"wp:term":[{"taxonomy":"product_cat","embeddable":true,"href":"https:\/\/airtechsprings.com\/index.php\/wp-json\/wp\/v2\/product_cat?post=30768"},{"taxonomy":"product_tag","embeddable":true,"href":"https:\/\/airtechsprings.com\/index.php\/wp-json\/wp\/v2\/product_tag?post=30768"}],"curies":[{"name":"wp","href":"https:\/\/api.w.org\/{rel}","templated":true}]}}